{"id":5822,"date":"2024-09-25T13:39:48","date_gmt":"2024-09-25T13:39:48","guid":{"rendered":"https:\/\/staymoovers.com\/?page_id=5822"},"modified":"2025-08-13T11:51:25","modified_gmt":"2025-08-13T11:51:25","slug":"categories-manialand-cottage-near","status":"publish","type":"page","link":"https:\/\/staymoovers.com\/pl\/categories-manialand-cottage-near\/","title":{"rendered":"Categories ManiaLand &#8211; Cottage Near.."},"content":{"rendered":"<div data-elementor-type=\"wp-page\" data-elementor-id=\"5822\" class=\"elementor elementor-5822\" data-elementor-post-type=\"page\">\n\t\t\t\t<div class=\"elementor-element elementor-element-9b1bc17 e-flex e-con-boxed e-con e-parent\" data-id=\"9b1bc17\" data-element_type=\"container\" data-e-type=\"container\" data-settings=\"{&quot;background_background&quot;:&quot;classic&quot;}\">\n\t\t\t\t\t<div class=\"e-con-inner\">\n\t\t\t\t<div class=\"elementor-element elementor-element-89abad6 elementor-widget__width-initial elementor-widget-mobile__width-inherit elementor-widget elementor-widget-heading\" data-id=\"89abad6\" data-element_type=\"widget\" data-e-type=\"widget\" data-widget_type=\"heading.default\">\n\t\t\t\t\t<h2 class=\"elementor-heading-title elementor-size-default\">ManiaLand - Domek w pobli\u017cu...<\/h2>\t\t\t\t<\/div>\n\t\t\t\t<div class=\"elementor-element elementor-element-359c124 elementor-widget elementor-widget-html\" data-id=\"359c124\" data-element_type=\"widget\" data-e-type=\"widget\" data-widget_type=\"html.default\">\n\t\t\t\t\t<div class=\"sec-line\">\n<span class=\"sec-line1\"><\/span>\n<span class=\"sec-line2\"><\/span>\n<\/div>\t\t\t\t<\/div>\n\t\t\t\t<div class=\"elementor-element elementor-element-e8c440a elementor-icon-list--layout-inline elementor-align-center elementor-list-item-link-full_width elementor-widget elementor-widget-icon-list\" data-id=\"e8c440a\" data-element_type=\"widget\" data-e-type=\"widget\" data-widget_type=\"icon-list.default\">\n\t\t\t\t\t\t\t<ul class=\"elementor-icon-list-items elementor-inline-items\">\n\t\t\t\t\t\t\t<li class=\"elementor-icon-list-item elementor-inline-item\">\n\t\t\t\t\t\t\t\t\t\t<span class=\"elementor-icon-list-text\">W\u0142a\u015bciwo\u015bci<\/span>\n\t\t\t\t\t\t\t\t\t<\/li>\n\t\t\t\t\t\t\t\t<li class=\"elementor-icon-list-item elementor-inline-item\">\n\t\t\t\t\t\t\t\t\t\t<span class=\"elementor-icon-list-text\">ManiaLand - Domek w pobli\u017cu...<\/span>\n\t\t\t\t\t\t\t\t\t<\/li>\n\t\t\t\t\t\t<\/ul>\n\t\t\t\t\t\t<\/div>\n\t\t\t\t\t<\/div>\n\t\t\t\t<\/div>\n\t\t<div class=\"elementor-element elementor-element-07c978a e-flex e-con-boxed e-con e-parent\" data-id=\"07c978a\" data-element_type=\"container\" data-e-type=\"container\">\n\t\t\t\t\t<div class=\"e-con-inner\">\n\t\t<div class=\"elementor-element elementor-element-073ceae e-con-full e-flex e-con e-child\" data-id=\"073ceae\" data-element_type=\"container\" data-e-type=\"container\">\n\t\t<div class=\"elementor-element elementor-element-356a685 e-con-full e-flex e-con e-child\" data-id=\"356a685\" data-element_type=\"container\" data-e-type=\"container\" data-settings=\"{&quot;background_background&quot;:&quot;classic&quot;}\">\n\t\t\t\t<\/div>\n\t\t<div class=\"elementor-element elementor-element-b3eba70 e-con-full e-flex e-con e-child\" data-id=\"b3eba70\" data-element_type=\"container\" data-e-type=\"container\" data-settings=\"{&quot;background_background&quot;:&quot;classic&quot;}\">\n\t\t\t\t<div class=\"elementor-element elementor-element-41e20ad elementor-widget elementor-widget-heading\" data-id=\"41e20ad\" data-element_type=\"widget\" data-e-type=\"widget\" data-widget_type=\"heading.default\">\n\t\t\t\t\t<h2 class=\"elementor-heading-title elementor-size-default\">Manialand - blisko Krakowa<\/h2>\t\t\t\t<\/div>\n\t\t\t\t<div class=\"elementor-element elementor-element-bd164b7 elementor-icon-list--layout-inline elementor-list-item-link-full_width elementor-widget elementor-widget-icon-list\" data-id=\"bd164b7\" data-element_type=\"widget\" data-e-type=\"widget\" data-widget_type=\"icon-list.default\">\n\t\t\t\t\t\t\t<ul class=\"elementor-icon-list-items elementor-inline-items\">\n\t\t\t\t\t\t\t<li class=\"elementor-icon-list-item elementor-inline-item\">\n\t\t\t\t\t\t\t\t\t\t\t<span class=\"elementor-icon-list-icon\">\n\t\t\t\t\t\t\t<i aria-hidden=\"true\" class=\"icon icon-map-marker1\"><\/i>\t\t\t\t\t\t<\/span>\n\t\t\t\t\t\t\t\t\t\t<span class=\"elementor-icon-list-text\"> Paszk\u00f3wka, ma\u0142opolskie, Polska<\/span>\n\t\t\t\t\t\t\t\t\t<\/li>\n\t\t\t\t\t\t<\/ul>\n\t\t\t\t\t\t<\/div>\n\t\t\t\t<div class=\"elementor-element elementor-element-1dbe43c elementor-icon-list--layout-inline elementor-list-item-link-full_width elementor-widget elementor-widget-icon-list\" data-id=\"1dbe43c\" data-element_type=\"widget\" data-e-type=\"widget\" data-widget_type=\"icon-list.default\">\n\t\t\t\t\t\t\t<ul class=\"elementor-icon-list-items elementor-inline-items\">\n\t\t\t\t\t\t\t<li class=\"elementor-icon-list-item elementor-inline-item\">\n\t\t\t\t\t\t\t\t\t\t\t<span class=\"elementor-icon-list-icon\">\n\t\t\t\t\t\t\t<svg aria-hidden=\"true\" class=\"e-font-icon-svg e-far-user\" viewbox=\"0 0 448 512\" xmlns=\"http:\/\/www.w3.org\/2000\/svg\"><path d=\"M313.6 304c-28.7 0-42.5 16-89.6 16-47.1 0-60.8-16-89.6-16C60.2 304 0 364.2 0 438.4V464c0 26.5 21.5 48 48 48h352c26.5 0 48-21.5 48-48v-25.6c0-74.2-60.2-134.4-134.4-134.4zM400 464H48v-25.6c0-47.6 38.8-86.4 86.4-86.4 14.6 0 38.3 16 89.6 16 51.7 0 74.9-16 89.6-16 47.6 0 86.4 38.8 86.4 86.4V464zM224 288c79.5 0 144-64.5 144-144S303.5 0 224 0 80 64.5 80 144s64.5 144 144 144zm0-240c52.9 0 96 43.1 96 96s-43.1 96-96 96-96-43.1-96-96 43.1-96 96-96z\"><\/path><\/svg>\t\t\t\t\t\t<\/span>\n\t\t\t\t\t\t\t\t\t\t<span class=\"elementor-icon-list-text\">5 go\u015bci<\/span>\n\t\t\t\t\t\t\t\t\t<\/li>\n\t\t\t\t\t\t\t\t<li class=\"elementor-icon-list-item elementor-inline-item\">\n\t\t\t\t\t\t\t\t\t\t\t<span class=\"elementor-icon-list-icon\">\n\t\t\t\t\t\t\t<svg xmlns=\"http:\/\/www.w3.org\/2000\/svg\" width=\"20\" height=\"21\" viewbox=\"0 0 20 21\" fill=\"none\"><path d=\"M16.6666 8.46417V3H15V4.66667H4.99996V3H3.33329V8.46417C2.34163 9.04167 1.66663 10.1042 1.66663 11.3333V14.6667C1.66663 14.8877 1.75442 15.0996 1.9107 15.2559C2.06698 15.4122 2.27895 15.5 2.49996 15.5H3.33329V18.8333H4.99996V15.5H15V18.8333H16.6666V15.5H17.5C17.721 15.5 17.9329 15.4122 18.0892 15.2559C18.2455 15.0996 18.3333 14.8877 18.3333 14.6667V11.3333C18.3333 10.1042 17.6575 9.04167 16.6666 8.46417ZM15 6.33333V8H10.8333V6.33333H15ZM4.99996 6.33333H9.16663V8H4.99996V6.33333ZM16.6666 13.8333H3.33329V11.3333C3.33329 10.4142 4.08079 9.66667 4.99996 9.66667H15C15.9191 9.66667 16.6666 10.4142 16.6666 11.3333V13.8333Z\" fill=\"#6C60FE\"><\/path><\/svg>\t\t\t\t\t\t<\/span>\n\t\t\t\t\t\t\t\t\t\t<span class=\"elementor-icon-list-text\">2 sypialnia<\/span>\n\t\t\t\t\t\t\t\t\t<\/li>\n\t\t\t\t\t\t\t\t<li class=\"elementor-icon-list-item elementor-inline-item\">\n\t\t\t\t\t\t\t\t\t\t\t<span class=\"elementor-icon-list-icon\">\n\t\t\t\t\t\t\t<svg xmlns=\"http:\/\/www.w3.org\/2000\/svg\" width=\"18\" height=\"16\" viewbox=\"0 0 18 16\" fill=\"none\"><path d=\"M16.5 5.83333H4.83329V3.33333C4.83329 2.41417 5.58079 1.66667 6.49996 1.66667C7.41913 1.66667 8.16663 2.41417 8.16663 3.33333H9.83329C9.83329 1.495 8.33829 0 6.49996 0C4.66163 0 3.16663 1.495 3.16663 3.33333V5.83333H1.49996C1.27895 5.83333 1.06698 5.92113 0.910704 6.07741C0.754423 6.23369 0.666626 6.44565 0.666626 6.66667V8.33333C0.666626 10.505 2.06163 12.3525 3.99996 13.0417V15.8333H5.66663V13.3333H12.3333V15.8333H14V13.0417C15.9383 12.3525 17.3333 10.505 17.3333 8.33333V6.66667C17.3333 6.44565 17.2455 6.23369 17.0892 6.07741C16.9329 5.92113 16.721 5.83333 16.5 5.83333V5.83333ZM15.6666 8.33333C15.6666 10.1717 14.1716 11.6667 12.3333 11.6667H5.66663C3.82829 11.6667 2.33329 10.1717 2.33329 8.33333V7.5H15.6666V8.33333Z\" fill=\"#6C60FE\"><\/path><\/svg>\t\t\t\t\t\t<\/span>\n\t\t\t\t\t\t\t\t\t\t<span class=\"elementor-icon-list-text\">1 wanny<\/span>\n\t\t\t\t\t\t\t\t\t<\/li>\n\t\t\t\t\t\t<\/ul>\n\t\t\t\t\t\t<\/div>\n\t\t\t\t<div class=\"elementor-element elementor-element-262d790 elementor-widget__width-auto elementor-widget elementor-widget-button\" data-id=\"262d790\" data-element_type=\"widget\" data-e-type=\"widget\" data-widget_type=\"button.default\">\n\t\t\t\t\t\t\t\t\t\t<a class=\"elementor-button elementor-button-link elementor-size-sm\" href=\"https:\/\/staymoovers.com\/pl\/manialand-cottage-near-krakow-bbq-fireplace\/\">\n\t\t\t\t\t\t<span class=\"elementor-button-content-wrapper\">\n\t\t\t\t\t\t\t\t\t<span class=\"elementor-button-text\">Odkryj wi\u0119cej<\/span>\n\t\t\t\t\t<\/span>\n\t\t\t\t\t<\/a>\n\t\t\t\t\t\t\t\t<\/div>\n\t\t\t\t<\/div>\n\t\t\t\t<\/div>\n\t\t<div class=\"elementor-element elementor-element-9ca2756 e-con-full e-flex e-con e-child\" data-id=\"9ca2756\" data-element_type=\"container\" data-e-type=\"container\">\n\t\t<div class=\"elementor-element elementor-element-6b61376 e-con-full e-flex e-con e-child\" data-id=\"6b61376\" data-element_type=\"container\" data-e-type=\"container\" data-settings=\"{&quot;background_background&quot;:&quot;classic&quot;}\">\n\t\t\t\t<\/div>\n\t\t<div class=\"elementor-element elementor-element-8ed378f e-con-full e-flex e-con e-child\" data-id=\"8ed378f\" data-element_type=\"container\" data-e-type=\"container\" data-settings=\"{&quot;background_background&quot;:&quot;classic&quot;}\">\n\t\t\t\t<div class=\"elementor-element elementor-element-3f91b47 elementor-widget elementor-widget-heading\" data-id=\"3f91b47\" data-element_type=\"widget\" data-e-type=\"widget\" data-widget_type=\"heading.default\">\n\t\t\t\t\t<h2 class=\"elementor-heading-title elementor-size-default\">Dom Manialand<\/h2>\t\t\t\t<\/div>\n\t\t\t\t<div class=\"elementor-element elementor-element-8cf98dd elementor-icon-list--layout-inline elementor-list-item-link-full_width elementor-widget elementor-widget-icon-list\" data-id=\"8cf98dd\" data-element_type=\"widget\" data-e-type=\"widget\" data-widget_type=\"icon-list.default\">\n\t\t\t\t\t\t\t<ul class=\"elementor-icon-list-items elementor-inline-items\">\n\t\t\t\t\t\t\t<li class=\"elementor-icon-list-item elementor-inline-item\">\n\t\t\t\t\t\t\t\t\t\t\t<span class=\"elementor-icon-list-icon\">\n\t\t\t\t\t\t\t<i aria-hidden=\"true\" class=\"icon icon-map-marker1\"><\/i>\t\t\t\t\t\t<\/span>\n\t\t\t\t\t\t\t\t\t\t<span class=\"elementor-icon-list-text\"> Paszk\u00f3wka, ma\u0142opolskie, Polska<\/span>\n\t\t\t\t\t\t\t\t\t<\/li>\n\t\t\t\t\t\t<\/ul>\n\t\t\t\t\t\t<\/div>\n\t\t\t\t<div class=\"elementor-element elementor-element-489347f elementor-icon-list--layout-inline elementor-list-item-link-full_width elementor-widget elementor-widget-icon-list\" data-id=\"489347f\" data-element_type=\"widget\" data-e-type=\"widget\" data-widget_type=\"icon-list.default\">\n\t\t\t\t\t\t\t<ul class=\"elementor-icon-list-items elementor-inline-items\">\n\t\t\t\t\t\t\t<li class=\"elementor-icon-list-item elementor-inline-item\">\n\t\t\t\t\t\t\t\t\t\t\t<span class=\"elementor-icon-list-icon\">\n\t\t\t\t\t\t\t<svg aria-hidden=\"true\" class=\"e-font-icon-svg e-far-user\" viewbox=\"0 0 448 512\" xmlns=\"http:\/\/www.w3.org\/2000\/svg\"><path d=\"M313.6 304c-28.7 0-42.5 16-89.6 16-47.1 0-60.8-16-89.6-16C60.2 304 0 364.2 0 438.4V464c0 26.5 21.5 48 48 48h352c26.5 0 48-21.5 48-48v-25.6c0-74.2-60.2-134.4-134.4-134.4zM400 464H48v-25.6c0-47.6 38.8-86.4 86.4-86.4 14.6 0 38.3 16 89.6 16 51.7 0 74.9-16 89.6-16 47.6 0 86.4 38.8 86.4 86.4V464zM224 288c79.5 0 144-64.5 144-144S303.5 0 224 0 80 64.5 80 144s64.5 144 144 144zm0-240c52.9 0 96 43.1 96 96s-43.1 96-96 96-96-43.1-96-96 43.1-96 96-96z\"><\/path><\/svg>\t\t\t\t\t\t<\/span>\n\t\t\t\t\t\t\t\t\t\t<span class=\"elementor-icon-list-text\">5 go\u015bci<\/span>\n\t\t\t\t\t\t\t\t\t<\/li>\n\t\t\t\t\t\t\t\t<li class=\"elementor-icon-list-item elementor-inline-item\">\n\t\t\t\t\t\t\t\t\t\t\t<span class=\"elementor-icon-list-icon\">\n\t\t\t\t\t\t\t<svg xmlns=\"http:\/\/www.w3.org\/2000\/svg\" width=\"20\" height=\"21\" viewbox=\"0 0 20 21\" fill=\"none\"><path d=\"M16.6666 8.46417V3H15V4.66667H4.99996V3H3.33329V8.46417C2.34163 9.04167 1.66663 10.1042 1.66663 11.3333V14.6667C1.66663 14.8877 1.75442 15.0996 1.9107 15.2559C2.06698 15.4122 2.27895 15.5 2.49996 15.5H3.33329V18.8333H4.99996V15.5H15V18.8333H16.6666V15.5H17.5C17.721 15.5 17.9329 15.4122 18.0892 15.2559C18.2455 15.0996 18.3333 14.8877 18.3333 14.6667V11.3333C18.3333 10.1042 17.6575 9.04167 16.6666 8.46417ZM15 6.33333V8H10.8333V6.33333H15ZM4.99996 6.33333H9.16663V8H4.99996V6.33333ZM16.6666 13.8333H3.33329V11.3333C3.33329 10.4142 4.08079 9.66667 4.99996 9.66667H15C15.9191 9.66667 16.6666 10.4142 16.6666 11.3333V13.8333Z\" fill=\"#6C60FE\"><\/path><\/svg>\t\t\t\t\t\t<\/span>\n\t\t\t\t\t\t\t\t\t\t<span class=\"elementor-icon-list-text\">2 sypialnia<\/span>\n\t\t\t\t\t\t\t\t\t<\/li>\n\t\t\t\t\t\t\t\t<li class=\"elementor-icon-list-item elementor-inline-item\">\n\t\t\t\t\t\t\t\t\t\t\t<span class=\"elementor-icon-list-icon\">\n\t\t\t\t\t\t\t<svg xmlns=\"http:\/\/www.w3.org\/2000\/svg\" width=\"18\" height=\"16\" viewbox=\"0 0 18 16\" fill=\"none\"><path d=\"M16.5 5.83333H4.83329V3.33333C4.83329 2.41417 5.58079 1.66667 6.49996 1.66667C7.41913 1.66667 8.16663 2.41417 8.16663 3.33333H9.83329C9.83329 1.495 8.33829 0 6.49996 0C4.66163 0 3.16663 1.495 3.16663 3.33333V5.83333H1.49996C1.27895 5.83333 1.06698 5.92113 0.910704 6.07741C0.754423 6.23369 0.666626 6.44565 0.666626 6.66667V8.33333C0.666626 10.505 2.06163 12.3525 3.99996 13.0417V15.8333H5.66663V13.3333H12.3333V15.8333H14V13.0417C15.9383 12.3525 17.3333 10.505 17.3333 8.33333V6.66667C17.3333 6.44565 17.2455 6.23369 17.0892 6.07741C16.9329 5.92113 16.721 5.83333 16.5 5.83333V5.83333ZM15.6666 8.33333C15.6666 10.1717 14.1716 11.6667 12.3333 11.6667H5.66663C3.82829 11.6667 2.33329 10.1717 2.33329 8.33333V7.5H15.6666V8.33333Z\" fill=\"#6C60FE\"><\/path><\/svg>\t\t\t\t\t\t<\/span>\n\t\t\t\t\t\t\t\t\t\t<span class=\"elementor-icon-list-text\">1 wanny<\/span>\n\t\t\t\t\t\t\t\t\t<\/li>\n\t\t\t\t\t\t<\/ul>\n\t\t\t\t\t\t<\/div>\n\t\t\t\t<div class=\"elementor-element elementor-element-129ef5a elementor-widget__width-auto elementor-widget elementor-widget-button\" data-id=\"129ef5a\" data-element_type=\"widget\" data-e-type=\"widget\" data-widget_type=\"button.default\">\n\t\t\t\t\t\t\t\t\t\t<a class=\"elementor-button elementor-button-link elementor-size-sm\" href=\"https:\/\/staymoovers.com\/pl\/manialand-house\/\">\n\t\t\t\t\t\t<span class=\"elementor-button-content-wrapper\">\n\t\t\t\t\t\t\t\t\t<span class=\"elementor-button-text\">Odkryj wi\u0119cej<\/span>\n\t\t\t\t\t<\/span>\n\t\t\t\t\t<\/a>\n\t\t\t\t\t\t\t\t<\/div>\n\t\t\t\t<\/div>\n\t\t\t\t<\/div>\n\t\t\t\t\t<\/div>\n\t\t\t\t<\/div>\n\t\t\t\t<\/div>","protected":false},"excerpt":{"rendered":"<p>ManiaLand &#8211; Cottage Near.. Properties ManiaLand &#8211; Cottage Near.. ManiaLand &#8211; cottage near.. Paszk\u00f3wka, Ma\u0142opolskie, Poland 5 guest 2 bedroom 1 baths Discover More Manialand house Paszk\u00f3wka, Ma\u0142opolskie, Poland 5 guest 2 bedroom 1 baths Discover More<\/p>","protected":false},"author":1,"featured_media":0,"parent":0,"menu_order":0,"comment_status":"closed","ping_status":"closed","template":"elementor_header_footer","meta":{"footnotes":""},"class_list":["post-5822","page","type-page","status-publish","hentry"],"_links":{"self":[{"href":"https:\/\/staymoovers.com\/pl\/wp-json\/wp\/v2\/pages\/5822","targetHints":{"allow":["GET"]}}],"collection":[{"href":"https:\/\/staymoovers.com\/pl\/wp-json\/wp\/v2\/pages"}],"about":[{"href":"https:\/\/staymoovers.com\/pl\/wp-json\/wp\/v2\/types\/page"}],"author":[{"embeddable":true,"href":"https:\/\/staymoovers.com\/pl\/wp-json\/wp\/v2\/users\/1"}],"replies":[{"embeddable":true,"href":"https:\/\/staymoovers.com\/pl\/wp-json\/wp\/v2\/comments?post=5822"}],"version-history":[{"count":43,"href":"https:\/\/staymoovers.com\/pl\/wp-json\/wp\/v2\/pages\/5822\/revisions"}],"predecessor-version":[{"id":7256,"href":"https:\/\/staymoovers.com\/pl\/wp-json\/wp\/v2\/pages\/5822\/revisions\/7256"}],"wp:attachment":[{"href":"https:\/\/staymoovers.com\/pl\/wp-json\/wp\/v2\/media?parent=5822"}],"curies":[{"name":"wp","href":"https:\/\/api.w.org\/{rel}","templated":true}]}}