{"id":2704,"date":"2024-07-19T11:28:29","date_gmt":"2024-07-19T11:28:29","guid":{"rendered":"https:\/\/staymoovers.com\/?page_id=2704"},"modified":"2024-07-19T11:35:20","modified_gmt":"2024-07-19T11:35:20","slug":"refund-policy","status":"publish","type":"page","link":"https:\/\/staymoovers.com\/pl\/refund-policy\/","title":{"rendered":"Polityka zwrot\u00f3w"},"content":{"rendered":"<div data-elementor-type=\"wp-page\" data-elementor-id=\"2704\" class=\"elementor elementor-2704\" data-elementor-post-type=\"page\">\n\t\t\t\t<div class=\"elementor-element elementor-element-3b9e685 e-flex e-con-boxed e-con e-parent\" data-id=\"3b9e685\" data-element_type=\"container\" data-settings=\"{&quot;background_background&quot;:&quot;gradient&quot;,&quot;shape_divider_bottom&quot;:&quot;opacity-tilt&quot;}\">\n\t\t\t\t\t<div class=\"e-con-inner\">\n\t\t\t\t<div class=\"elementor-shape elementor-shape-bottom\" aria-hidden=\"true\" data-negative=\"false\">\n\t\t\t<svg xmlns=\"http:\/\/www.w3.org\/2000\/svg\" viewbox=\"0 0 2600 131.1\" preserveaspectratio=\"none\">\n\t<path class=\"elementor-shape-fill\" d=\"M0 0L2600 0 2600 69.1 0 0z\"\/>\n\t<path class=\"elementor-shape-fill\" style=\"opacity:0.5\" d=\"M0 0L2600 0 2600 69.1 0 69.1z\"\/>\n\t<path class=\"elementor-shape-fill\" style=\"opacity:0.25\" d=\"M2600 0L0 0 0 130.1 2600 69.1z\"\/>\n<\/svg>\t\t<\/div>\n\t\t\t\t<div class=\"elementor-element elementor-element-ee663a2 elementor-widget elementor-widget-heading\" data-id=\"ee663a2\" data-element_type=\"widget\" data-widget_type=\"heading.default\">\n\t\t\t\t\t<h2 class=\"elementor-heading-title elementor-size-default\">Polityka zwrot\u00f3w<\/h2>\t\t\t\t<\/div>\n\t\t\t\t<div class=\"elementor-element elementor-element-91f54c8 elementor-icon-list--layout-inline elementor-align-center elementor-list-item-link-full_width elementor-widget elementor-widget-icon-list\" data-id=\"91f54c8\" data-element_type=\"widget\" data-widget_type=\"icon-list.default\">\n\t\t\t\t\t\t\t<ul class=\"elementor-icon-list-items elementor-inline-items\">\n\t\t\t\t\t\t\t<li class=\"elementor-icon-list-item elementor-inline-item\">\n\t\t\t\t\t\t\t\t\t\t<span class=\"elementor-icon-list-text\">Strona g\u0142\u00f3wna<\/span>\n\t\t\t\t\t\t\t\t\t<\/li>\n\t\t\t\t\t\t\t\t<li class=\"elementor-icon-list-item elementor-inline-item\">\n\t\t\t\t\t\t\t\t\t\t<span class=\"elementor-icon-list-text\">Polityka zwrot\u00f3w<\/span>\n\t\t\t\t\t\t\t\t\t<\/li>\n\t\t\t\t\t\t<\/ul>\n\t\t\t\t\t\t<\/div>\n\t\t\t\t\t<\/div>\n\t\t\t\t<\/div>\n\t\t<div class=\"elementor-element elementor-element-a1741ff e-flex e-con-boxed e-con e-parent\" data-id=\"a1741ff\" data-element_type=\"container\">\n\t\t\t\t\t<div class=\"e-con-inner\">\n\t\t<div class=\"elementor-element elementor-element-2220c29 e-con-full e-flex e-con e-child\" data-id=\"2220c29\" data-element_type=\"container\">\n\t\t\t\t<div class=\"elementor-element elementor-element-4716e38 elementor-widget__width-inherit elementor-widget elementor-widget-heading\" data-id=\"4716e38\" data-element_type=\"widget\" data-widget_type=\"heading.default\">\n\t\t\t\t\t<h2 class=\"elementor-heading-title elementor-size-default\">Nasza polityka zwrot\u00f3w i refundacji<\/h2>\t\t\t\t<\/div>\n\t\t\t\t<div class=\"elementor-element elementor-element-e073610 elementor-widget__width-initial elementor-widget elementor-widget-text-editor\" data-id=\"e073610\" data-element_type=\"widget\" data-widget_type=\"text-editor.default\">\n\t\t\t\t\t\t\t\t\t<p>Witamy w Stay Moovers, gdzie Tw\u00f3j komfort i satysfakcja s\u0105 naszymi priorytetami. Rozumiemy, \u017ce czasami, pomimo naszych najlepszych stara\u0144, mog\u0105 pojawi\u0107 si\u0119 okoliczno\u015bci, kt\u00f3re wymagaj\u0105 zwrotu pieni\u0119dzy lub zwrotu. Jeste\u015bmy tutaj, aby uczyni\u0107 ten proces tak p\u0142ynnym i bezproblemowym, jak to tylko mo\u017cliwe.<\/p>\t\t\t\t\t\t\t\t<\/div>\n\t\t\t\t<div class=\"elementor-element elementor-element-c52df2c elementor-widget__width-inherit elementor-widget elementor-widget-heading\" data-id=\"c52df2c\" data-element_type=\"widget\" data-widget_type=\"heading.default\">\n\t\t\t\t\t<h2 class=\"elementor-heading-title elementor-size-default\">Zasady zwrot\u00f3w:<\/h2>\t\t\t\t<\/div>\n\t\t\t\t<div class=\"elementor-element elementor-element-0a257a5 elementor-widget elementor-widget-heading\" data-id=\"0a257a5\" data-element_type=\"widget\" data-widget_type=\"heading.default\">\n\t\t\t\t\t<h2 class=\"elementor-heading-title elementor-size-default\">1. Rezerwacja depozyt\u00f3w:<\/h2>\t\t\t\t<\/div>\n\t\t\t\t<div class=\"elementor-element elementor-element-16c15fb elementor-widget__width-initial elementor-widget elementor-widget-text-editor\" data-id=\"16c15fb\" data-element_type=\"widget\" data-widget_type=\"text-editor.default\">\n\t\t\t\t\t\t\t\t\t<p>Wszelkie depozyty dokonane za rezerwacj\u0119 naszych nocleg\u00f3w nie podlegaj\u0105 zwrotowi. Rozumiemy jednak, \u017ce plany mog\u0105 ulec zmianie, dlatego prosimy o jak najszybszy kontakt w przypadku konieczno\u015bci modyfikacji rezerwacji.<\/p>\t\t\t\t\t\t\t\t<\/div>\n\t\t\t\t<div class=\"elementor-element elementor-element-a26a6d7 elementor-widget elementor-widget-heading\" data-id=\"a26a6d7\" data-element_type=\"widget\" data-widget_type=\"heading.default\">\n\t\t\t\t\t<h2 class=\"elementor-heading-title elementor-size-default\">2. Zasady anulowania:<\/h2>\t\t\t\t<\/div>\n\t\t\t\t<div class=\"elementor-element elementor-element-6ae43fb elementor-widget__width-initial elementor-widget elementor-widget-text-editor\" data-id=\"6ae43fb\" data-element_type=\"widget\" data-widget_type=\"text-editor.default\">\n\t\t\t\t\t\t\t\t\t<p>W przypadku anulowania rezerwacji w ci\u0105gu [X] dni przed planowanym przyjazdem zostanie dokonany pe\u0142ny zwrot koszt\u00f3w pomniejszony o depozyt za rezerwacj\u0119. Anulowanie rezerwacji po tym terminie mo\u017ce podlega\u0107 op\u0142acie za anulowanie rezerwacji.<\/p>\t\t\t\t\t\t\t\t<\/div>\n\t\t\t\t<div class=\"elementor-element elementor-element-0d2a878 elementor-widget elementor-widget-heading\" data-id=\"0d2a878\" data-element_type=\"widget\" data-widget_type=\"heading.default\">\n\t\t\t\t\t<h2 class=\"elementor-heading-title elementor-size-default\">3. Zwroty za us\u0142ugi: <\/h2>\t\t\t\t<\/div>\n\t\t\t\t<div class=\"elementor-element elementor-element-81ad89c elementor-widget__width-initial elementor-widget elementor-widget-text-editor\" data-id=\"81ad89c\" data-element_type=\"widget\" data-widget_type=\"text-editor.default\">\n\t\t\t\t\t\t\t\t\t<p>Je\u015bli zarezerwowa\u0142e\u015b dodatkowe us\u0142ugi lub udogodnienia za po\u015brednictwem Wicks Housing i jeste\u015b niezadowolony z jako\u015bci lub dostawy, skontaktuj si\u0119 z nami w ci\u0105gu [X] dni od daty us\u0142ugi w celu uzyskania zwrotu pieni\u0119dzy lub rozwi\u0105zania.<\/p>\t\t\t\t\t\t\t\t<\/div>\n\t\t\t\t<div class=\"elementor-element elementor-element-0e52030 elementor-widget__width-inherit elementor-widget elementor-widget-heading\" data-id=\"0e52030\" data-element_type=\"widget\" data-widget_type=\"heading.default\">\n\t\t\t\t\t<h2 class=\"elementor-heading-title elementor-size-default\">Zasady zwrot\u00f3w:\n\n<\/h2>\t\t\t\t<\/div>\n\t\t\t\t<div class=\"elementor-element elementor-element-1981092 elementor-widget elementor-widget-heading\" data-id=\"1981092\" data-element_type=\"widget\" data-widget_type=\"heading.default\">\n\t\t\t\t\t<h2 class=\"elementor-heading-title elementor-size-default\">1. Zwroty towar\u00f3w:<\/h2>\t\t\t\t<\/div>\n\t\t\t\t<div class=\"elementor-element elementor-element-2cb41e7 elementor-widget__width-initial elementor-widget elementor-widget-text-editor\" data-id=\"2cb41e7\" data-element_type=\"widget\" data-widget_type=\"text-editor.default\">\n\t\t\t\t\t\t\t\t\t<p>Je\u015bli towary zakupione w naszym sklepie stacjonarnym oka\u017c\u0105 si\u0119 niezadowalaj\u0105ce, mo\u017cna je zwr\u00f3ci\u0107 w ci\u0105gu [X] dni od zakupu w celu uzyskania pe\u0142nego zwrotu koszt\u00f3w lub wymiany. Produkty musz\u0105 by\u0107 nieu\u017cywane i w oryginalnym opakowaniu.<\/p>\t\t\t\t\t\t\t\t<\/div>\n\t\t\t\t<div class=\"elementor-element elementor-element-9052274 elementor-widget elementor-widget-heading\" data-id=\"9052274\" data-element_type=\"widget\" data-widget_type=\"heading.default\">\n\t\t\t\t\t<h2 class=\"elementor-heading-title elementor-size-default\">2. Uszkodzone lub wadliwe przedmioty:<\/h2>\t\t\t\t<\/div>\n\t\t\t\t<div class=\"elementor-element elementor-element-81a40c7 elementor-widget__width-initial elementor-widget elementor-widget-text-editor\" data-id=\"81a40c7\" data-element_type=\"widget\" data-widget_type=\"text-editor.default\">\n\t\t\t\t\t\t\t\t\t<p>W rzadkich przypadkach, gdy otrzymasz uszkodzony lub wadliwy przedmiot z naszego sklepu, skontaktuj si\u0119 z nami natychmiast, aby zorganizowa\u0107 zwrot lub wymian\u0119. Pokryjemy koszty wysy\u0142ki zwrotnej i przyspieszymy proces, aby zapewni\u0107 satysfakcj\u0119.<\/p>\t\t\t\t\t\t\t\t<\/div>\n\t\t\t\t<div class=\"elementor-element elementor-element-8df3193 elementor-widget__width-inherit elementor-widget elementor-widget-heading\" data-id=\"8df3193\" data-element_type=\"widget\" data-widget_type=\"heading.default\">\n\t\t\t\t\t<h2 class=\"elementor-heading-title elementor-size-default\">Kontakt<\/h2>\t\t\t\t<\/div>\n\t\t\t\t<div class=\"elementor-element elementor-element-94dfb33 elementor-widget__width-initial elementor-widget elementor-widget-text-editor\" data-id=\"94dfb33\" data-element_type=\"widget\" data-widget_type=\"text-editor.default\">\n\t\t\t\t\t\t\t\t\t<p>W przypadku jakichkolwiek pyta\u0144 dotycz\u0105cych niniejszej Polityki zwrot\u00f3w mo\u017cna skontaktowa\u0107 si\u0119 z nami:<\/p><ul><li><p>Przez e-mail: wsparcie <span style=\"color: #000000;\"><a style=\"color: #000000;\" href=\"mailto:info@accommos.co.uk\"><strong><span style=\"text-decoration: underline;\">info@staymoovers.com<\/span><\/strong><\/a><\/span><\/p><\/li><li><p>Pod numerem telefonu: +123456789<\/p><\/li><\/ul>\t\t\t\t\t\t\t\t<\/div>\n\t\t\t\t<\/div>\n\t\t\t\t\t<\/div>\n\t\t\t\t<\/div>\n\t\t\t\t<\/div>","protected":false},"excerpt":{"rendered":"<p>Refund Policy Home Refund Policy Our Refund and return Policy Welcome to Stay Moovers, where your comfort and satisfaction are our top priorities. We understand that sometimes, despite our best efforts, circumstances may arise that necessitate a refund or return. We&#8217;re here to make that process as smooth and hassle-free as possible. Refund Policy: 1. [&hellip;]<\/p>","protected":false},"author":1,"featured_media":0,"parent":0,"menu_order":0,"comment_status":"closed","ping_status":"closed","template":"elementor_header_footer","meta":{"footnotes":""},"class_list":["post-2704","page","type-page","status-publish","hentry"],"_links":{"self":[{"href":"https:\/\/staymoovers.com\/pl\/wp-json\/wp\/v2\/pages\/2704","targetHints":{"allow":["GET"]}}],"collection":[{"href":"https:\/\/staymoovers.com\/pl\/wp-json\/wp\/v2\/pages"}],"about":[{"href":"https:\/\/staymoovers.com\/pl\/wp-json\/wp\/v2\/types\/page"}],"author":[{"embeddable":true,"href":"https:\/\/staymoovers.com\/pl\/wp-json\/wp\/v2\/users\/1"}],"replies":[{"embeddable":true,"href":"https:\/\/staymoovers.com\/pl\/wp-json\/wp\/v2\/comments?post=2704"}],"version-history":[{"count":7,"href":"https:\/\/staymoovers.com\/pl\/wp-json\/wp\/v2\/pages\/2704\/revisions"}],"predecessor-version":[{"id":2713,"href":"https:\/\/staymoovers.com\/pl\/wp-json\/wp\/v2\/pages\/2704\/revisions\/2713"}],"wp:attachment":[{"href":"https:\/\/staymoovers.com\/pl\/wp-json\/wp\/v2\/media?parent=2704"}],"curies":[{"name":"wp","href":"https:\/\/api.w.org\/{rel}","templated":true}]}}