{"id":1810,"date":"2024-07-11T13:04:15","date_gmt":"2024-07-11T13:04:15","guid":{"rendered":"https:\/\/staymoovers.com\/?page_id=1810"},"modified":"2025-08-13T08:08:20","modified_gmt":"2025-08-13T08:08:20","slug":"about-us","status":"publish","type":"page","link":"https:\/\/staymoovers.com\/de\/about-us\/","title":{"rendered":"\u00dcber uns"},"content":{"rendered":"<div data-elementor-type=\"wp-page\" data-elementor-id=\"1810\" class=\"elementor elementor-1810\" data-elementor-post-type=\"page\">\n\t\t\t\t<div class=\"elementor-element elementor-element-0e96803 e-flex e-con-boxed e-con e-parent\" data-id=\"0e96803\" data-element_type=\"container\" data-e-type=\"container\" data-settings=\"{&quot;background_background&quot;:&quot;classic&quot;}\">\n\t\t\t\t\t<div class=\"e-con-inner\">\n\t\t\t\t<div class=\"elementor-element elementor-element-6237748 elementor-widget__width-initial elementor-widget-mobile__width-inherit elementor-widget elementor-widget-heading\" data-id=\"6237748\" data-element_type=\"widget\" data-e-type=\"widget\" data-widget_type=\"heading.default\">\n\t\t\t\t\t<h2 class=\"elementor-heading-title elementor-size-default\">\u00dcber <span style=\"color:#6c60fe\"> Wir<\/h2>\t\t\t\t<\/div>\n\t\t\t\t<div class=\"elementor-element elementor-element-5605067 elementor-widget elementor-widget-html\" data-id=\"5605067\" data-element_type=\"widget\" data-e-type=\"widget\" data-widget_type=\"html.default\">\n\t\t\t\t\t<div class=\"sec-line\">\n<span class=\"sec-line1\"><\/span>\n<span class=\"sec-line2\"><\/span>\n<\/div>\t\t\t\t<\/div>\n\t\t\t\t<div class=\"elementor-element elementor-element-f5002f8 elementor-icon-list--layout-inline elementor-align-center elementor-list-item-link-full_width elementor-widget elementor-widget-icon-list\" data-id=\"f5002f8\" data-element_type=\"widget\" data-e-type=\"widget\" data-widget_type=\"icon-list.default\">\n\t\t\t\t\t\t\t<ul class=\"elementor-icon-list-items elementor-inline-items\">\n\t\t\t\t\t\t\t<li class=\"elementor-icon-list-item elementor-inline-item\">\n\t\t\t\t\t\t\t\t\t\t<span class=\"elementor-icon-list-text\">Heim<\/span>\n\t\t\t\t\t\t\t\t\t<\/li>\n\t\t\t\t\t\t\t\t<li class=\"elementor-icon-list-item elementor-inline-item\">\n\t\t\t\t\t\t\t\t\t\t<span class=\"elementor-icon-list-text\">\u00dcber uns<\/span>\n\t\t\t\t\t\t\t\t\t<\/li>\n\t\t\t\t\t\t<\/ul>\n\t\t\t\t\t\t<\/div>\n\t\t\t\t\t<\/div>\n\t\t\t\t<\/div>\n\t\t<div class=\"elementor-element elementor-element-7753362 e-flex e-con-boxed e-con e-parent\" data-id=\"7753362\" data-element_type=\"container\" data-e-type=\"container\" data-settings=\"{&quot;background_background&quot;:&quot;classic&quot;}\">\n\t\t\t\t\t<div class=\"e-con-inner\">\n\t\t<div class=\"elementor-element elementor-element-1349057 e-con-full e-flex e-con e-child\" data-id=\"1349057\" data-element_type=\"container\" data-e-type=\"container\" data-settings=\"{&quot;background_background&quot;:&quot;classic&quot;}\">\n\t\t\t\t<div class=\"elementor-element elementor-element-d18d836 elementor-widget__width-initial elementor-widget-mobile__width-inherit elementor-widget elementor-widget-image\" data-id=\"d18d836\" data-element_type=\"widget\" data-e-type=\"widget\" data-widget_type=\"image.default\">\n\t\t\t\t\t\t\t\t\t\t\t\t\t\t\t<img fetchpriority=\"high\" decoding=\"async\" width=\"1600\" height=\"1067\" src=\"https:\/\/staymoovers.com\/wp-content\/uploads\/2024\/08\/DSC05576-1.jpg\" class=\"attachment-full size-full wp-image-4240\" alt=\"\" srcset=\"https:\/\/staymoovers.com\/wp-content\/uploads\/2024\/08\/DSC05576-1.jpg 1600w, https:\/\/staymoovers.com\/wp-content\/uploads\/2024\/08\/DSC05576-1-300x200.jpg 300w, https:\/\/staymoovers.com\/wp-content\/uploads\/2024\/08\/DSC05576-1-1024x683.jpg 1024w, https:\/\/staymoovers.com\/wp-content\/uploads\/2024\/08\/DSC05576-1-768x512.jpg 768w, https:\/\/staymoovers.com\/wp-content\/uploads\/2024\/08\/DSC05576-1-1536x1024.jpg 1536w\" sizes=\"(max-width: 1600px) 100vw, 1600px\" \/>\t\t\t\t\t\t\t\t\t\t\t\t\t\t\t<\/div>\n\t\t\t\t<\/div>\n\t\t<div class=\"elementor-element elementor-element-98584cb e-con-full e-flex e-con e-child\" data-id=\"98584cb\" data-element_type=\"container\" data-e-type=\"container\">\n\t\t\t\t<div class=\"elementor-element elementor-element-3ba37b2 elementor-widget__width-initial elementor-widget-mobile__width-inherit elementor-widget elementor-widget-heading\" data-id=\"3ba37b2\" data-element_type=\"widget\" data-e-type=\"widget\" data-widget_type=\"heading.default\">\n\t\t\t\t\t<h2 class=\"elementor-heading-title elementor-size-default\">Unser <span style=\"color:#6c60fe\"> Mission<\/h2>\t\t\t\t<\/div>\n\t\t\t\t<div class=\"elementor-element elementor-element-5145068 elementor-widget-mobile__width-inherit elementor-drop-cap-yes elementor-drop-cap-view-default elementor-widget elementor-widget-text-editor\" data-id=\"5145068\" data-element_type=\"widget\" data-e-type=\"widget\" data-settings=\"{&quot;drop_cap&quot;:&quot;yes&quot;}\" data-widget_type=\"text-editor.default\">\n\t\t\t\t\t\t\t\t\t<p>Willkommen bei Staymoovers! Gegr\u00fcndet im Jahr 2018 mit einem einzigen Haus in der\nN\u00e4he von Krakau, sind wir stetig gewachsen, um eine Vielzahl von hochwertigen Unterk\u00fcnften anzubieten, die sowohl f\u00fcr kurze als auch f\u00fcr langfristige Aufenthalte geeignet sind. Heute bietet Staymoovers ideale Mietoptionen an mehreren erstklassigen Standorten: in der N\u00e4he der lebhaften Stadt Krakau, in Zator, nur wenige Minuten vom beliebten\nFreizeitpark Energylandia entfernt und im malerischen \u00d6sterreich.<br \/>Unsere Mission ist es, jeden Aufenthalt unvergesslich zu machen, indem wir komfortable,\nvoll ausgestattete R\u00e4umlichkeiten in ruhigen Umgebungen anbieten, die einen einfachen\nZugang zu aufregenden Zielen erm\u00f6glichen. Egal, ob du nach einem kurzen Urlaub oder\neinem langfristigen Mietverh\u00e4ltnis suchst, Staymoovers bietet die perfekte Basis f\u00fcr\nEntspannung und Abenteuer.<\/p>\t\t\t\t\t\t\t\t<\/div>\n\t\t\t\t<div class=\"elementor-element elementor-element-1e430da elementor-align-justify elementor-widget elementor-widget-button\" data-id=\"1e430da\" data-element_type=\"widget\" data-e-type=\"widget\" data-widget_type=\"button.default\">\n\t\t\t\t\t\t\t\t\t\t<a class=\"elementor-button elementor-button-link elementor-size-sm\" href=\"https:\/\/staymoovers.com\/de\/contact-us\/\">\n\t\t\t\t\t\t<span class=\"elementor-button-content-wrapper\">\n\t\t\t\t\t\t<span class=\"elementor-button-icon\">\n\t\t\t\t<i aria-hidden=\"true\" class=\"icon icon-right-arrow2\"><\/i>\t\t\t<\/span>\n\t\t\t\t\t\t\t\t\t<span class=\"elementor-button-text\">Kontakt<\/span>\n\t\t\t\t\t<\/span>\n\t\t\t\t\t<\/a>\n\t\t\t\t\t\t\t\t<\/div>\n\t\t\t\t<\/div>\n\t\t\t\t\t<\/div>\n\t\t\t\t<\/div>\n\t\t<div class=\"elementor-element elementor-element-119963a elementor-hidden-desktop elementor-hidden-tablet elementor-hidden-mobile e-flex e-con-boxed e-con e-parent\" data-id=\"119963a\" data-element_type=\"container\" data-e-type=\"container\" data-settings=\"{&quot;background_background&quot;:&quot;classic&quot;}\">\n\t\t\t\t\t<div class=\"e-con-inner\">\n\t\t\t\t<div class=\"elementor-element elementor-element-53dcb1a elementor-widget elementor-widget-heading\" data-id=\"53dcb1a\" data-element_type=\"widget\" data-e-type=\"widget\" data-widget_type=\"heading.default\">\n\t\t\t\t\t<h2 class=\"elementor-heading-title elementor-size-default\">Vereinfachung von Vermietungen f\u00fcr Immobilieneigent\u00fcmer<\/h2>\t\t\t\t<\/div>\n\t\t\t\t<div class=\"elementor-element elementor-element-64d0ad8 elementor-widget elementor-widget-heading\" data-id=\"64d0ad8\" data-element_type=\"widget\" data-e-type=\"widget\" data-widget_type=\"heading.default\">\n\t\t\t\t\t<h2 class=\"elementor-heading-title elementor-size-default\">Vollst\u00e4ndiges Eigentum <span style=\"color:#6c60fe\">  Management-Dienstleistungen<\/h2>\t\t\t\t<\/div>\n\t\t\t\t<div class=\"elementor-element elementor-element-ae3aa29 elementor-widget elementor-widget-html\" data-id=\"ae3aa29\" data-element_type=\"widget\" data-e-type=\"widget\" data-widget_type=\"html.default\">\n\t\t\t\t\t<div class=\"sec-line\">\n<span class=\"sec-line1\"><\/span>\n<span class=\"sec-line2\"><\/span>\n<\/div>\t\t\t\t<\/div>\n\t\t\t\t<div class=\"elementor-element elementor-element-e2549eb elementor-widget__width-initial elementor-widget elementor-widget-text-editor\" data-id=\"e2549eb\" data-element_type=\"widget\" data-e-type=\"widget\" data-widget_type=\"text-editor.default\">\n\t\t\t\t\t\t\t\t\t<p>Unsere Hausverwaltungsdienste sind darauf ausgerichtet, Ihnen einen reibungslosen Ablauf zu bieten und Ihre Mieteinnahmen zu maximieren.<\/p>\t\t\t\t\t\t\t\t<\/div>\n\t\t<div class=\"elementor-element elementor-element-fa1fc1e e-con-full e-flex e-con e-child\" data-id=\"fa1fc1e\" data-element_type=\"container\" data-e-type=\"container\">\n\t\t<div class=\"elementor-element elementor-element-f65e51d e-con-full e-flex e-con e-child\" data-id=\"f65e51d\" data-element_type=\"container\" data-e-type=\"container\" data-settings=\"{&quot;background_background&quot;:&quot;classic&quot;}\">\n\t\t\t\t<div class=\"elementor-element elementor-element-fddebde elementor-position-top elementor-widget-mobile__width-inherit elementor-position-top elementor-widget elementor-widget-image-box\" data-id=\"fddebde\" data-element_type=\"widget\" data-e-type=\"widget\" data-widget_type=\"image-box.default\">\n\t\t\t\t\t<div class=\"elementor-image-box-wrapper\"><figure class=\"elementor-image-box-img\"><img decoding=\"async\" width=\"1080\" height=\"1080\" src=\"https:\/\/staymoovers.com\/wp-content\/uploads\/2024\/08\/New-Project-4.png\" class=\"attachment-full size-full wp-image-3856\" alt=\"\" srcset=\"https:\/\/staymoovers.com\/wp-content\/uploads\/2024\/08\/New-Project-4.png 1080w, https:\/\/staymoovers.com\/wp-content\/uploads\/2024\/08\/New-Project-4-300x300.png 300w, https:\/\/staymoovers.com\/wp-content\/uploads\/2024\/08\/New-Project-4-1024x1024.png 1024w, https:\/\/staymoovers.com\/wp-content\/uploads\/2024\/08\/New-Project-4-150x150.png 150w, https:\/\/staymoovers.com\/wp-content\/uploads\/2024\/08\/New-Project-4-768x768.png 768w\" sizes=\"(max-width: 1080px) 100vw, 1080px\" \/><\/figure><div class=\"elementor-image-box-content\"><h3 class=\"elementor-image-box-title\">Experten-Management<\/h3><p class=\"elementor-image-box-description\">Wir bieten unseren G\u00e4sten pers\u00f6nliche Erlebnisse, um ihren Aufenthalt unvergesslich zu machen.\n\n<\/p><\/div><\/div>\t\t\t\t<\/div>\n\t\t\t\t<\/div>\n\t\t<div class=\"elementor-element elementor-element-9856272 e-con-full e-flex e-con e-child\" data-id=\"9856272\" data-element_type=\"container\" data-e-type=\"container\" data-settings=\"{&quot;background_background&quot;:&quot;classic&quot;}\">\n\t\t\t\t<div class=\"elementor-element elementor-element-4840005 elementor-position-top elementor-widget-mobile__width-inherit elementor-position-top elementor-widget elementor-widget-image-box\" data-id=\"4840005\" data-element_type=\"widget\" data-e-type=\"widget\" data-widget_type=\"image-box.default\">\n\t\t\t\t\t<div class=\"elementor-image-box-wrapper\"><figure class=\"elementor-image-box-img\"><img decoding=\"async\" width=\"1080\" height=\"1080\" src=\"https:\/\/staymoovers.com\/wp-content\/uploads\/2024\/08\/New-Project-7.png\" class=\"attachment-full size-full wp-image-3853\" alt=\"\" srcset=\"https:\/\/staymoovers.com\/wp-content\/uploads\/2024\/08\/New-Project-7.png 1080w, https:\/\/staymoovers.com\/wp-content\/uploads\/2024\/08\/New-Project-7-300x300.png 300w, https:\/\/staymoovers.com\/wp-content\/uploads\/2024\/08\/New-Project-7-1024x1024.png 1024w, https:\/\/staymoovers.com\/wp-content\/uploads\/2024\/08\/New-Project-7-150x150.png 150w, https:\/\/staymoovers.com\/wp-content\/uploads\/2024\/08\/New-Project-7-768x768.png 768w\" sizes=\"(max-width: 1080px) 100vw, 1080px\" \/><\/figure><div class=\"elementor-image-box-content\"><h3 class=\"elementor-image-box-title\">Problemlose Erfahrung<\/h3><p class=\"elementor-image-box-description\">Wir k\u00fcmmern uns um alle Details, damit Sie sich entspannen und die Vorteile genie\u00dfen k\u00f6nnen.\n\n<\/p><\/div><\/div>\t\t\t\t<\/div>\n\t\t\t\t<\/div>\n\t\t<div class=\"elementor-element elementor-element-8b39f0b e-con-full e-flex e-con e-child\" data-id=\"8b39f0b\" data-element_type=\"container\" data-e-type=\"container\" data-settings=\"{&quot;background_background&quot;:&quot;classic&quot;}\">\n\t\t\t\t<div class=\"elementor-element elementor-element-dfeee43 elementor-position-top elementor-widget-mobile__width-inherit elementor-position-top elementor-widget elementor-widget-image-box\" data-id=\"dfeee43\" data-element_type=\"widget\" data-e-type=\"widget\" data-widget_type=\"image-box.default\">\n\t\t\t\t\t<div class=\"elementor-image-box-wrapper\"><figure class=\"elementor-image-box-img\"><img loading=\"lazy\" decoding=\"async\" width=\"1080\" height=\"1080\" src=\"https:\/\/staymoovers.com\/wp-content\/uploads\/2024\/08\/New-Project-6.png\" class=\"attachment-full size-full wp-image-3854\" alt=\"\" srcset=\"https:\/\/staymoovers.com\/wp-content\/uploads\/2024\/08\/New-Project-6.png 1080w, https:\/\/staymoovers.com\/wp-content\/uploads\/2024\/08\/New-Project-6-300x300.png 300w, https:\/\/staymoovers.com\/wp-content\/uploads\/2024\/08\/New-Project-6-1024x1024.png 1024w, https:\/\/staymoovers.com\/wp-content\/uploads\/2024\/08\/New-Project-6-150x150.png 150w, https:\/\/staymoovers.com\/wp-content\/uploads\/2024\/08\/New-Project-6-768x768.png 768w\" sizes=\"(max-width: 1080px) 100vw, 1080px\" \/><\/figure><div class=\"elementor-image-box-content\"><h3 class=\"elementor-image-box-title\">Erh\u00f6hte G\u00e4stezufriedenheit<\/h3><p class=\"elementor-image-box-description\">Unser Fokus auf au\u00dfergew\u00f6hnlichen Service bedeutet zufriedenere G\u00e4ste und bessere Bewertungen.\n\n<\/p><\/div><\/div>\t\t\t\t<\/div>\n\t\t\t\t<\/div>\n\t\t<div class=\"elementor-element elementor-element-50bedc0 e-con-full e-flex e-con e-child\" data-id=\"50bedc0\" data-element_type=\"container\" data-e-type=\"container\" data-settings=\"{&quot;background_background&quot;:&quot;classic&quot;}\">\n\t\t\t\t<div class=\"elementor-element elementor-element-fc1050e elementor-position-top elementor-widget-mobile__width-inherit elementor-position-top elementor-widget elementor-widget-image-box\" data-id=\"fc1050e\" data-element_type=\"widget\" data-e-type=\"widget\" data-widget_type=\"image-box.default\">\n\t\t\t\t\t<div class=\"elementor-image-box-wrapper\"><figure class=\"elementor-image-box-img\"><img loading=\"lazy\" decoding=\"async\" width=\"1080\" height=\"1080\" src=\"https:\/\/staymoovers.com\/wp-content\/uploads\/2024\/08\/New-Project-5.png\" class=\"attachment-full size-full wp-image-3855\" alt=\"\" srcset=\"https:\/\/staymoovers.com\/wp-content\/uploads\/2024\/08\/New-Project-5.png 1080w, https:\/\/staymoovers.com\/wp-content\/uploads\/2024\/08\/New-Project-5-300x300.png 300w, https:\/\/staymoovers.com\/wp-content\/uploads\/2024\/08\/New-Project-5-1024x1024.png 1024w, https:\/\/staymoovers.com\/wp-content\/uploads\/2024\/08\/New-Project-5-150x150.png 150w, https:\/\/staymoovers.com\/wp-content\/uploads\/2024\/08\/New-Project-5-768x768.png 768w\" sizes=\"(max-width: 1080px) 100vw, 1080px\" \/><\/figure><div class=\"elementor-image-box-content\"><h3 class=\"elementor-image-box-title\">Innovative L\u00f6sungen<\/h3><p class=\"elementor-image-box-description\">Nutzen Sie unsere fortschrittlichen Tools und Strategien f\u00fcr eine effiziente und effektive Immobilienverwaltung.\n\n\n<\/p><\/div><\/div>\t\t\t\t<\/div>\n\t\t\t\t<\/div>\n\t\t\t\t<\/div>\n\t\t\t\t\t<\/div>\n\t\t\t\t<\/div>\n\t\t<div class=\"elementor-element elementor-element-e886c72 elementor-hidden-desktop elementor-hidden-tablet elementor-hidden-mobile e-flex e-con-boxed e-con e-parent\" data-id=\"e886c72\" data-element_type=\"container\" data-e-type=\"container\" data-settings=\"{&quot;background_background&quot;:&quot;classic&quot;}\">\n\t\t\t\t\t<div class=\"e-con-inner\">\n\t\t<div class=\"elementor-element elementor-element-376978c e-con-full e-flex e-con e-child\" data-id=\"376978c\" data-element_type=\"container\" data-e-type=\"container\" data-settings=\"{&quot;background_background&quot;:&quot;classic&quot;}\">\n\t\t\t\t<div class=\"elementor-element elementor-element-b6b49ad elementor-widget__width-initial elementor-widget-mobile__width-inherit elementor-widget elementor-widget-image\" data-id=\"b6b49ad\" data-element_type=\"widget\" data-e-type=\"widget\" data-widget_type=\"image.default\">\n\t\t\t\t\t\t\t\t\t\t\t\t\t\t\t<img loading=\"lazy\" decoding=\"async\" width=\"2560\" height=\"1536\" src=\"https:\/\/staymoovers.com\/wp-content\/uploads\/2024\/01\/UK_London_UK_Header-scaled.jpg\" class=\"attachment-full size-full wp-image-1075\" alt=\"\" srcset=\"https:\/\/staymoovers.com\/wp-content\/uploads\/2024\/01\/UK_London_UK_Header-scaled.jpg 2560w, https:\/\/staymoovers.com\/wp-content\/uploads\/2024\/01\/UK_London_UK_Header-300x180.jpg 300w, https:\/\/staymoovers.com\/wp-content\/uploads\/2024\/01\/UK_London_UK_Header-1024x614.jpg 1024w, https:\/\/staymoovers.com\/wp-content\/uploads\/2024\/01\/UK_London_UK_Header-768x461.jpg 768w, https:\/\/staymoovers.com\/wp-content\/uploads\/2024\/01\/UK_London_UK_Header-1536x922.jpg 1536w\" sizes=\"(max-width: 2560px) 100vw, 2560px\" \/>\t\t\t\t\t\t\t\t\t\t\t\t\t\t\t<\/div>\n\t\t\t\t<\/div>\n\t\t<div class=\"elementor-element elementor-element-f6b4d97 e-con-full e-flex e-con e-child\" data-id=\"f6b4d97\" data-element_type=\"container\" data-e-type=\"container\">\n\t\t\t\t<div class=\"elementor-element elementor-element-0574641 elementor-widget elementor-widget-heading\" data-id=\"0574641\" data-element_type=\"widget\" data-e-type=\"widget\" data-widget_type=\"heading.default\">\n\t\t\t\t\t<h2 class=\"elementor-heading-title elementor-size-default\">MITBEGR\u00dcNDER &amp; CEO<\/h2>\t\t\t\t<\/div>\n\t\t\t\t<div class=\"elementor-element elementor-element-4158376 elementor-widget elementor-widget-heading\" data-id=\"4158376\" data-element_type=\"widget\" data-e-type=\"widget\" data-widget_type=\"heading.default\">\n\t\t\t\t\t<h2 class=\"elementor-heading-title elementor-size-default\">Unbekannte<\/h2>\t\t\t\t<\/div>\n\t\t\t\t<div class=\"elementor-element elementor-element-9befbbb elementor-widget__width-initial elementor-widget-mobile__width-inherit elementor-widget elementor-widget-text-editor\" data-id=\"9befbbb\" data-element_type=\"widget\" data-e-type=\"widget\" data-widget_type=\"text-editor.default\">\n\t\t\t\t\t\t\t\t\t<p>Unsere Mitbegr\u00fcnderin und CEO, Jane Doe, verf\u00fcgt \u00fcber mehr als 20 Jahre Branchenerfahrung und eine Leidenschaft f\u00fcr hervorragende Leistungen. Ihre Vision und F\u00fchrungsqualit\u00e4ten treiben Stay Moovers an, um unseren Kunden unvergleichliche Immobilienverwaltungsdienste zu bieten.<\/p>\t\t\t\t\t\t\t\t<\/div>\n\t\t\t\t<div class=\"elementor-element elementor-element-4623c75 elementor-align-justify elementor-hidden-mobile elementor-widget elementor-widget-button\" data-id=\"4623c75\" data-element_type=\"widget\" data-e-type=\"widget\" data-widget_type=\"button.default\">\n\t\t\t\t\t\t\t\t\t\t<a class=\"elementor-button elementor-button-link elementor-size-sm\" href=\"#\">\n\t\t\t\t\t\t<span class=\"elementor-button-content-wrapper\">\n\t\t\t\t\t\t<span class=\"elementor-button-icon\">\n\t\t\t\t<i aria-hidden=\"true\" class=\"icon icon-right-arrow2\"><\/i>\t\t\t<\/span>\n\t\t\t\t\t\t\t\t\t<span class=\"elementor-button-text\">Kontakt<\/span>\n\t\t\t\t\t<\/span>\n\t\t\t\t\t<\/a>\n\t\t\t\t\t\t\t\t<\/div>\n\t\t\t\t<\/div>\n\t\t\t\t\t<\/div>\n\t\t\t\t<\/div>\n\t\t<div class=\"elementor-element elementor-element-80cbfa6 elementor-hidden-desktop elementor-hidden-tablet elementor-hidden-mobile e-flex e-con-boxed e-con e-parent\" data-id=\"80cbfa6\" data-element_type=\"container\" data-e-type=\"container\">\n\t\t\t\t\t<div class=\"e-con-inner\">\n\t\t\t\t<div class=\"elementor-element elementor-element-b86041e elementor-widget elementor-widget-heading\" data-id=\"b86041e\" data-element_type=\"widget\" data-e-type=\"widget\" data-widget_type=\"heading.default\">\n\t\t\t\t\t<h2 class=\"elementor-heading-title elementor-size-default\">Treffen Sie unser  <span style=\"color:#6c60fe\"> Teammitglieder<\/h2>\t\t\t\t<\/div>\n\t\t\t\t<div class=\"elementor-element elementor-element-39a3339 elementor-widget elementor-widget-html\" data-id=\"39a3339\" data-element_type=\"widget\" data-e-type=\"widget\" data-widget_type=\"html.default\">\n\t\t\t\t\t<div class=\"sec-line\">\n<span class=\"sec-line1\"><\/span>\n<span class=\"sec-line2\"><\/span>\n<\/div>\t\t\t\t<\/div>\n\t\t<div class=\"elementor-element elementor-element-21f74f3 e-con-full e-flex e-con e-child\" data-id=\"21f74f3\" data-element_type=\"container\" data-e-type=\"container\">\n\t\t\t\t<div class=\"elementor-element elementor-element-06325ba elementor-widget__width-initial elementor-widget-mobile__width-inherit eael-team-align-eael-team-align-default elementor-widget elementor-widget-eael-team-member\" data-id=\"06325ba\" data-element_type=\"widget\" data-e-type=\"widget\" data-widget_type=\"eael-team-member.default\">\n\t\t\t\t\t\n\n\t<div id=\"eael-team-member-06325ba\" class=\"eael-team-item eael-team-members-simple\">\n\t\t<div class=\"eael-team-item-inner\">\n\t\t\t<div class=\"eael-team-image\">\n\t\t\t\t<figure>\n\t\t\t\t\t\t\t\t\t\t<img decoding=\"async\" src=\"https:\/\/staymoovers.com\/wp-content\/uploads\/2024\/08\/our-team-2-min.jpg\" alt=\"\">\n\t\t\t\t\t\t\t\t\t<\/figure>\n\t\t\t\t\n\t\t\t\t\n\t\t\t<\/div>\n\n\t\t\t<div class=\"eael-team-content\">\n\t\t\t\t<h2 class=\"eael-team-member-name\">Emma Harrison<\/h2><h3 class=\"eael-team-member-position\">Leiter der Abteilung Immobilienmanagement<\/h3>\n\t\t\t\t\t\t\t\t\t\t\t\t\t\t<p class=\"eael-team-text\">Emma leitet unser Immobilienverwaltungsteam mit 10 Jahren Erfahrung und sorgt f\u00fcr reibungslose Abl\u00e4ufe und erstklassige Dienstleistungen f\u00fcr Vermieter und Mieter.\n\n<\/p>\n\t\t\t\t\t\t\t<\/div>\n\t\t<\/div>\n\t<\/div>\n\t\t\t\t\t<\/div>\n\t\t\t\t<div class=\"elementor-element elementor-element-05a68fb elementor-widget__width-initial elementor-widget-mobile__width-inherit eael-team-align-eael-team-align-default elementor-widget elementor-widget-eael-team-member\" data-id=\"05a68fb\" data-element_type=\"widget\" data-e-type=\"widget\" data-widget_type=\"eael-team-member.default\">\n\t\t\t\t\t\n\n\t<div id=\"eael-team-member-05a68fb\" class=\"eael-team-item eael-team-members-simple\">\n\t\t<div class=\"eael-team-item-inner\">\n\t\t\t<div class=\"eael-team-image\">\n\t\t\t\t<figure>\n\t\t\t\t\t\t\t\t\t\t<img decoding=\"async\" src=\"https:\/\/staymoovers.com\/wp-content\/uploads\/2024\/08\/our-team-4-min.jpg\" alt=\"\">\n\t\t\t\t\t\t\t\t\t<\/figure>\n\t\t\t\t\n\t\t\t\t\n\t\t\t<\/div>\n\n\t\t\t<div class=\"eael-team-content\">\n\t\t\t\t<h2 class=\"eael-team-member-name\">Liam Patel<\/h2><h3 class=\"eael-team-member-position\">Senior-Immobilienberaterin<\/h3>\n\t\t\t\t\t\t\t\t\t\t\t\t\t\t<p class=\"eael-team-text\">Liam ist auf Immobilieninvestitionen spezialisiert und bietet seinen Kunden strategische Beratung und individuelle L\u00f6sungen, um ihre Rendite zu maximieren und erstklassige Immobilien zu sichern.\n<\/p>\n\t\t\t\t\t\t\t<\/div>\n\t\t<\/div>\n\t<\/div>\n\t\t\t\t\t<\/div>\n\t\t\t\t<div class=\"elementor-element elementor-element-91bccc0 elementor-widget__width-initial elementor-widget-mobile__width-inherit eael-team-align-eael-team-align-default elementor-widget elementor-widget-eael-team-member\" data-id=\"91bccc0\" data-element_type=\"widget\" data-e-type=\"widget\" data-widget_type=\"eael-team-member.default\">\n\t\t\t\t\t\n\n\t<div id=\"eael-team-member-91bccc0\" class=\"eael-team-item eael-team-members-simple\">\n\t\t<div class=\"eael-team-item-inner\">\n\t\t\t<div class=\"eael-team-image\">\n\t\t\t\t<figure>\n\t\t\t\t\t\t\t\t\t\t<img decoding=\"async\" src=\"https:\/\/staymoovers.com\/wp-content\/uploads\/2024\/08\/our-team-1-min.jpg\" alt=\"\">\n\t\t\t\t\t\t\t\t\t<\/figure>\n\t\t\t\t\n\t\t\t\t\n\t\t\t<\/div>\n\n\t\t\t<div class=\"eael-team-content\">\n\t\t\t\t<h2 class=\"eael-team-member-name\">Sophia Martinez<\/h2><h3 class=\"eael-team-member-position\">Manager f\u00fcr Kundenbeziehungen<\/h3>\n\t\t\t\t\t\t\t\t\t\t\t\t\t\t<p class=\"eael-team-text\">Sophia ist bestrebt, einen au\u00dfergew\u00f6hnlichen Kundensupport zu bieten, starke Beziehungen zu pflegen und sicherzustellen, dass jeder Kunde von Anfang bis Ende eine nahtlose Erfahrung macht.\n<\/p>\n\t\t\t\t\t\t\t<\/div>\n\t\t<\/div>\n\t<\/div>\n\t\t\t\t\t<\/div>\n\t\t\t\t<\/div>\n\t\t\t\t\t<\/div>\n\t\t\t\t<\/div>\n\t\t\t\t<\/div>","protected":false},"excerpt":{"rendered":"<p>About Us Home About Us\u200b Our Mission Welcome to Staymoovers! Founded in 2018 with a single house near Krakow, we&#8217;ve grown steadily to provide a range of quality accommodations tailored for both short and long-term stays. Today, Staymoovers offers ideal rental options in multiple prime locations: near the vibrant city of Krakow, in Zator just [&hellip;]<\/p>","protected":false},"author":1,"featured_media":0,"parent":0,"menu_order":0,"comment_status":"closed","ping_status":"closed","template":"elementor_header_footer","meta":{"footnotes":""},"class_list":["post-1810","page","type-page","status-publish","hentry"],"_links":{"self":[{"href":"https:\/\/staymoovers.com\/de\/wp-json\/wp\/v2\/pages\/1810","targetHints":{"allow":["GET"]}}],"collection":[{"href":"https:\/\/staymoovers.com\/de\/wp-json\/wp\/v2\/pages"}],"about":[{"href":"https:\/\/staymoovers.com\/de\/wp-json\/wp\/v2\/types\/page"}],"author":[{"embeddable":true,"href":"https:\/\/staymoovers.com\/de\/wp-json\/wp\/v2\/users\/1"}],"replies":[{"embeddable":true,"href":"https:\/\/staymoovers.com\/de\/wp-json\/wp\/v2\/comments?post=1810"}],"version-history":[{"count":109,"href":"https:\/\/staymoovers.com\/de\/wp-json\/wp\/v2\/pages\/1810\/revisions"}],"predecessor-version":[{"id":7162,"href":"https:\/\/staymoovers.com\/de\/wp-json\/wp\/v2\/pages\/1810\/revisions\/7162"}],"wp:attachment":[{"href":"https:\/\/staymoovers.com\/de\/wp-json\/wp\/v2\/media?parent=1810"}],"curies":[{"name":"wp","href":"https:\/\/api.w.org\/{rel}","templated":true}]}}